{"id":681,"date":"2023-08-14T03:11:40","date_gmt":"2023-08-14T03:11:40","guid":{"rendered":"https:\/\/mcwlinks.com\/home\/"},"modified":"2024-01-05T10:19:54","modified_gmt":"2024-01-05T10:19:54","slug":"home","status":"publish","type":"page","link":"https:\/\/mcwaccess.com\/vi\/","title":{"rendered":"MCW Alternative Links"},"content":{"rendered":"","protected":false},"excerpt":{"rendered":"","protected":false},"author":4,"featured_media":0,"parent":0,"menu_order":0,"comment_status":"closed","ping_status":"closed","template":"","meta":{"_et_pb_use_builder":"on","_et_pb_old_content":"","_et_gb_content_width":"","inline_featured_image":false,"_themeisle_gutenberg_block_has_review":false,"footnotes":""},"class_list":["post-681","page","type-page","status-publish","hentry"],"yoast_head":"<!-- This site is optimized with the Yoast SEO plugin v27.4 - https:\/\/yoast.com\/product\/yoast-seo-wordpress\/ -->\n<title>Link d\u1ef1 ph\u00f2ng MCW - Link v\u00e0o MCW v\u00e0 Trang web thay th\u1ebf<\/title>\n<meta name=\"description\" content=\"Truy c\u1eadp v\u00e0o MCW (Mega Casino World) d\u1ec5 d\u00e0ng h\u01a1n v\u00e0 nhanh h\u01a1n \u0111\u1ed1i v\u1edbi b\u1ea5t k\u1ef3 qu\u1ed1c gia n\u00e0o tr\u00ean th\u1ebf gi\u1edbi. Ki\u1ec3m tra c\u00e1c Li\u00ean k\u1ebft b\u00ean d\u01b0\u1edbi \u0111\u1ec3 bi\u1ebft t\u1ea5t c\u1ea3 c\u00e1c \u0111\u01b0\u1eddng link v\u00e0o MCW thay th\u1ebf v\u00e0 k\u1ebft n\u1ed1i v\u1edbi trang web c\u00e1 c\u01b0\u1ee3c m\u00e0 kh\u00f4ng g\u1eb7p ph\u1ea3i b\u1ea5t k\u1ef3 s\u1ef1 c\u1ed1 n\u00e0o.\" \/>\n<meta name=\"robots\" content=\"index, follow, max-snippet:-1, max-image-preview:large, max-video-preview:-1\" \/>\n<link rel=\"canonical\" href=\"https:\/\/mcwaccess.com\/vi\/\" \/>\n<meta property=\"og:locale\" content=\"vi_VN\" \/>\n<meta property=\"og:type\" content=\"article\" \/>\n<meta property=\"og:title\" content=\"Link d\u1ef1 ph\u00f2ng MCW - Link v\u00e0o MCW v\u00e0 Trang web thay th\u1ebf\" \/>\n<meta property=\"og:description\" content=\"Truy c\u1eadp v\u00e0o MCW (Mega Casino World) d\u1ec5 d\u00e0ng h\u01a1n v\u00e0 nhanh h\u01a1n \u0111\u1ed1i v\u1edbi b\u1ea5t k\u1ef3 qu\u1ed1c gia n\u00e0o tr\u00ean th\u1ebf gi\u1edbi. Ki\u1ec3m tra c\u00e1c Li\u00ean k\u1ebft b\u00ean d\u01b0\u1edbi \u0111\u1ec3 bi\u1ebft t\u1ea5t c\u1ea3 c\u00e1c \u0111\u01b0\u1eddng link v\u00e0o MCW thay th\u1ebf v\u00e0 k\u1ebft n\u1ed1i v\u1edbi trang web c\u00e1 c\u01b0\u1ee3c m\u00e0 kh\u00f4ng g\u1eb7p ph\u1ea3i b\u1ea5t k\u1ef3 s\u1ef1 c\u1ed1 n\u00e0o.\" \/>\n<meta property=\"og:url\" content=\"https:\/\/mcwaccess.com\/vi\/\" \/>\n<meta property=\"og:site_name\" content=\"How to Access the Website Seamlessly\" \/>\n<meta property=\"article:modified_time\" content=\"2024-01-05T10:19:54+00:00\" \/>\n<meta name=\"twitter:card\" content=\"summary_large_image\" \/>\n<script type=\"application\/ld+json\" class=\"yoast-schema-graph\">{\"@context\":\"https:\\\/\\\/schema.org\",\"@graph\":[{\"@type\":\"WebPage\",\"@id\":\"https:\\\/\\\/mcwaccess.com\\\/vi\\\/\",\"url\":\"https:\\\/\\\/mcwaccess.com\\\/vi\\\/\",\"name\":\"Link d\u1ef1 ph\u00f2ng MCW - Link v\u00e0o MCW v\u00e0 Trang web thay th\u1ebf\",\"isPartOf\":{\"@id\":\"https:\\\/\\\/mcwaccess.com\\\/#website\"},\"datePublished\":\"2023-08-14T03:11:40+00:00\",\"dateModified\":\"2024-01-05T10:19:54+00:00\",\"description\":\"Truy c\u1eadp v\u00e0o MCW (Mega Casino World) d\u1ec5 d\u00e0ng h\u01a1n v\u00e0 nhanh h\u01a1n \u0111\u1ed1i v\u1edbi b\u1ea5t k\u1ef3 qu\u1ed1c gia n\u00e0o tr\u00ean th\u1ebf gi\u1edbi. Ki\u1ec3m tra c\u00e1c Li\u00ean k\u1ebft b\u00ean d\u01b0\u1edbi \u0111\u1ec3 bi\u1ebft t\u1ea5t c\u1ea3 c\u00e1c \u0111\u01b0\u1eddng link v\u00e0o MCW thay th\u1ebf v\u00e0 k\u1ebft n\u1ed1i v\u1edbi trang web c\u00e1 c\u01b0\u1ee3c m\u00e0 kh\u00f4ng g\u1eb7p ph\u1ea3i b\u1ea5t k\u1ef3 s\u1ef1 c\u1ed1 n\u00e0o.\",\"breadcrumb\":{\"@id\":\"https:\\\/\\\/mcwaccess.com\\\/vi\\\/#breadcrumb\"},\"inLanguage\":\"vi-VN\",\"potentialAction\":[{\"@type\":\"ReadAction\",\"target\":[\"https:\\\/\\\/mcwaccess.com\\\/vi\\\/\"]}]},{\"@type\":\"BreadcrumbList\",\"@id\":\"https:\\\/\\\/mcwaccess.com\\\/vi\\\/#breadcrumb\",\"itemListElement\":[{\"@type\":\"ListItem\",\"position\":1,\"name\":\"Home\",\"item\":\"https:\\\/\\\/mcwaccess.com\\\/vi\\\/\"},{\"@type\":\"ListItem\",\"position\":2,\"name\":\"MCW Alternative Links\"}]},{\"@type\":\"WebSite\",\"@id\":\"https:\\\/\\\/mcwaccess.com\\\/#website\",\"url\":\"https:\\\/\\\/mcwaccess.com\\\/\",\"name\":\"How to Access the Website Seamlessly\",\"description\":\"\",\"potentialAction\":[{\"@type\":\"SearchAction\",\"target\":{\"@type\":\"EntryPoint\",\"urlTemplate\":\"https:\\\/\\\/mcwaccess.com\\\/?s={search_term_string}\"},\"query-input\":{\"@type\":\"PropertyValueSpecification\",\"valueRequired\":true,\"valueName\":\"search_term_string\"}}],\"inLanguage\":\"vi-VN\"}]}<\/script>\n<!-- \/ Yoast SEO plugin. -->","yoast_head_json":{"title":"Link d\u1ef1 ph\u00f2ng MCW - Link v\u00e0o MCW v\u00e0 Trang web thay th\u1ebf","description":"Truy c\u1eadp v\u00e0o MCW (Mega Casino World) d\u1ec5 d\u00e0ng h\u01a1n v\u00e0 nhanh h\u01a1n \u0111\u1ed1i v\u1edbi b\u1ea5t k\u1ef3 qu\u1ed1c gia n\u00e0o tr\u00ean th\u1ebf gi\u1edbi. Ki\u1ec3m tra c\u00e1c Li\u00ean k\u1ebft b\u00ean d\u01b0\u1edbi \u0111\u1ec3 bi\u1ebft t\u1ea5t c\u1ea3 c\u00e1c \u0111\u01b0\u1eddng link v\u00e0o MCW thay th\u1ebf v\u00e0 k\u1ebft n\u1ed1i v\u1edbi trang web c\u00e1 c\u01b0\u1ee3c m\u00e0 kh\u00f4ng g\u1eb7p ph\u1ea3i b\u1ea5t k\u1ef3 s\u1ef1 c\u1ed1 n\u00e0o.","robots":{"index":"index","follow":"follow","max-snippet":"max-snippet:-1","max-image-preview":"max-image-preview:large","max-video-preview":"max-video-preview:-1"},"canonical":"https:\/\/mcwaccess.com\/vi\/","og_locale":"vi_VN","og_type":"article","og_title":"Link d\u1ef1 ph\u00f2ng MCW - Link v\u00e0o MCW v\u00e0 Trang web thay th\u1ebf","og_description":"Truy c\u1eadp v\u00e0o MCW (Mega Casino World) d\u1ec5 d\u00e0ng h\u01a1n v\u00e0 nhanh h\u01a1n \u0111\u1ed1i v\u1edbi b\u1ea5t k\u1ef3 qu\u1ed1c gia n\u00e0o tr\u00ean th\u1ebf gi\u1edbi. Ki\u1ec3m tra c\u00e1c Li\u00ean k\u1ebft b\u00ean d\u01b0\u1edbi \u0111\u1ec3 bi\u1ebft t\u1ea5t c\u1ea3 c\u00e1c \u0111\u01b0\u1eddng link v\u00e0o MCW thay th\u1ebf v\u00e0 k\u1ebft n\u1ed1i v\u1edbi trang web c\u00e1 c\u01b0\u1ee3c m\u00e0 kh\u00f4ng g\u1eb7p ph\u1ea3i b\u1ea5t k\u1ef3 s\u1ef1 c\u1ed1 n\u00e0o.","og_url":"https:\/\/mcwaccess.com\/vi\/","og_site_name":"How to Access the Website Seamlessly","article_modified_time":"2024-01-05T10:19:54+00:00","twitter_card":"summary_large_image","schema":{"@context":"https:\/\/schema.org","@graph":[{"@type":"WebPage","@id":"https:\/\/mcwaccess.com\/vi\/","url":"https:\/\/mcwaccess.com\/vi\/","name":"Link d\u1ef1 ph\u00f2ng MCW - Link v\u00e0o MCW v\u00e0 Trang web thay th\u1ebf","isPartOf":{"@id":"https:\/\/mcwaccess.com\/#website"},"datePublished":"2023-08-14T03:11:40+00:00","dateModified":"2024-01-05T10:19:54+00:00","description":"Truy c\u1eadp v\u00e0o MCW (Mega Casino World) d\u1ec5 d\u00e0ng h\u01a1n v\u00e0 nhanh h\u01a1n \u0111\u1ed1i v\u1edbi b\u1ea5t k\u1ef3 qu\u1ed1c gia n\u00e0o tr\u00ean th\u1ebf gi\u1edbi. Ki\u1ec3m tra c\u00e1c Li\u00ean k\u1ebft b\u00ean d\u01b0\u1edbi \u0111\u1ec3 bi\u1ebft t\u1ea5t c\u1ea3 c\u00e1c \u0111\u01b0\u1eddng link v\u00e0o MCW thay th\u1ebf v\u00e0 k\u1ebft n\u1ed1i v\u1edbi trang web c\u00e1 c\u01b0\u1ee3c m\u00e0 kh\u00f4ng g\u1eb7p ph\u1ea3i b\u1ea5t k\u1ef3 s\u1ef1 c\u1ed1 n\u00e0o.","breadcrumb":{"@id":"https:\/\/mcwaccess.com\/vi\/#breadcrumb"},"inLanguage":"vi-VN","potentialAction":[{"@type":"ReadAction","target":["https:\/\/mcwaccess.com\/vi\/"]}]},{"@type":"BreadcrumbList","@id":"https:\/\/mcwaccess.com\/vi\/#breadcrumb","itemListElement":[{"@type":"ListItem","position":1,"name":"Home","item":"https:\/\/mcwaccess.com\/vi\/"},{"@type":"ListItem","position":2,"name":"MCW Alternative Links"}]},{"@type":"WebSite","@id":"https:\/\/mcwaccess.com\/#website","url":"https:\/\/mcwaccess.com\/","name":"How to Access the Website Seamlessly","description":"","potentialAction":[{"@type":"SearchAction","target":{"@type":"EntryPoint","urlTemplate":"https:\/\/mcwaccess.com\/?s={search_term_string}"},"query-input":{"@type":"PropertyValueSpecification","valueRequired":true,"valueName":"search_term_string"}}],"inLanguage":"vi-VN"}]}},"_links":{"self":[{"href":"https:\/\/mcwaccess.com\/vi\/wp-json\/wp\/v2\/pages\/681","targetHints":{"allow":["GET"]}}],"collection":[{"href":"https:\/\/mcwaccess.com\/vi\/wp-json\/wp\/v2\/pages"}],"about":[{"href":"https:\/\/mcwaccess.com\/vi\/wp-json\/wp\/v2\/types\/page"}],"author":[{"embeddable":true,"href":"https:\/\/mcwaccess.com\/vi\/wp-json\/wp\/v2\/users\/4"}],"replies":[{"embeddable":true,"href":"https:\/\/mcwaccess.com\/vi\/wp-json\/wp\/v2\/comments?post=681"}],"version-history":[{"count":10,"href":"https:\/\/mcwaccess.com\/vi\/wp-json\/wp\/v2\/pages\/681\/revisions"}],"predecessor-version":[{"id":1511,"href":"https:\/\/mcwaccess.com\/vi\/wp-json\/wp\/v2\/pages\/681\/revisions\/1511"}],"wp:attachment":[{"href":"https:\/\/mcwaccess.com\/vi\/wp-json\/wp\/v2\/media?parent=681"}],"curies":[{"name":"wp","href":"https:\/\/api.w.org\/{rel}","templated":true}]}}